{"id":269,"date":"2017-08-08T04:13:20","date_gmt":"2017-08-08T04:13:20","guid":{"rendered":"http:\/\/sprengverein-in-bayern.de\/?page_id=269"},"modified":"2017-10-31T20:54:18","modified_gmt":"2017-10-31T20:54:18","slug":"erschuetterungsmessgeraeterschuetterungsmessungen","status":"publish","type":"page","link":"https:\/\/sprengverein-in-bayern.de\/?page_id=269","title":{"rendered":"Ersch\u00fctterungsmessger\u00e4t\/Ersch\u00fctterungsmessungen"},"content":{"rendered":"<p style=\"text-align: center;\"><strong>Information<\/strong><\/p>\n<p>Der Sprengverein in Bayern ist nun im Besitz eines Ersch\u00fctterungsmessger\u00e4tes. Dieses Messger\u00e4t ist zur Unterst\u00fctzung unserer Mitglieder beschafft worden. Das MR3000 BLA ist ein hochmodernes Ersch\u00fctterungsmessger\u00e4t f\u00fcr die \u00dcberwachung von Sprengersch\u00fctterungen.<\/p>\n<p>Das MR3000 BLA steht vorrangig f\u00fcr unsere Mitglieder zum Ausleihen bereit durch den sehr stabilen Transportkoffer ist ein Versand jederzeit m\u00f6glich.<img loading=\"lazy\" decoding=\"async\" class=\"alignnone size-medium wp-image-295\" src=\"http:\/\/sprengverein-in-bayern.de\/wp-content\/uploads\/2017\/08\/sprengungen-mit-mr3000bla-ueberwachen-300x242.jpg\" alt=\"\" width=\"300\" height=\"242\" srcset=\"https:\/\/sprengverein-in-bayern.de\/wp-content\/uploads\/2017\/08\/sprengungen-mit-mr3000bla-ueberwachen-300x242.jpg 300w, https:\/\/sprengverein-in-bayern.de\/wp-content\/uploads\/2017\/08\/sprengungen-mit-mr3000bla-ueberwachen.jpg 550w\" sizes=\"auto, (max-width: 300px) 100vw, 300px\" \/><\/p>\n<p><strong>Des Weiteren f\u00fchrt der Sprengverein in Bayern auch Ersch\u00fctterungsmessungen\/ \u00dcberwachungen f\u00fcr seine Mitglieder durch.<\/strong><\/p>\n<p>Weitere Informationen \u00fcber Tagess\u00e4tze oder Transport erhalten sie Anfrage \u00fcber unsere Info@Sprengverein-in-Bayern.de<\/p>\n<p>&nbsp;<\/p>\n","protected":false},"excerpt":{"rendered":"<p>Information Der Sprengverein in Bayern ist nun im Besitz eines Ersch\u00fctterungsmessger\u00e4tes. Dieses Messger\u00e4t ist zur Unterst\u00fctzung unserer Mitglieder beschafft worden. Das MR3000 BLA ist ein hochmodernes Ersch\u00fctterungsmessger\u00e4t f\u00fcr die \u00dcberwachung von Sprengersch\u00fctterungen. Das MR3000 BLA steht vorrangig f\u00fcr unsere Mitglieder zum Ausleihen bereit durch den sehr stabilen Transportkoffer ist ein Versand jederzeit m\u00f6glich. Des Weiteren &hellip; <\/p>\n<p class=\"link-more\"><a href=\"https:\/\/sprengverein-in-bayern.de\/?page_id=269\" class=\"more-link\"><span class=\"screen-reader-text\">\u201eErsch\u00fctterungsmessger\u00e4t\/Ersch\u00fctterungsmessungen\u201c <\/span>weiterlesen<\/a><\/p>\n","protected":false},"author":1,"featured_media":0,"parent":0,"menu_order":0,"comment_status":"closed","ping_status":"closed","template":"","meta":{"footnotes":""},"class_list":["post-269","page","type-page","status-publish","hentry"],"_links":{"self":[{"href":"https:\/\/sprengverein-in-bayern.de\/index.php?rest_route=\/wp\/v2\/pages\/269","targetHints":{"allow":["GET"]}}],"collection":[{"href":"https:\/\/sprengverein-in-bayern.de\/index.php?rest_route=\/wp\/v2\/pages"}],"about":[{"href":"https:\/\/sprengverein-in-bayern.de\/index.php?rest_route=\/wp\/v2\/types\/page"}],"author":[{"embeddable":true,"href":"https:\/\/sprengverein-in-bayern.de\/index.php?rest_route=\/wp\/v2\/users\/1"}],"replies":[{"embeddable":true,"href":"https:\/\/sprengverein-in-bayern.de\/index.php?rest_route=%2Fwp%2Fv2%2Fcomments&post=269"}],"version-history":[{"count":5,"href":"https:\/\/sprengverein-in-bayern.de\/index.php?rest_route=\/wp\/v2\/pages\/269\/revisions"}],"predecessor-version":[{"id":352,"href":"https:\/\/sprengverein-in-bayern.de\/index.php?rest_route=\/wp\/v2\/pages\/269\/revisions\/352"}],"wp:attachment":[{"href":"https:\/\/sprengverein-in-bayern.de\/index.php?rest_route=%2Fwp%2Fv2%2Fmedia&parent=269"}],"curies":[{"name":"wp","href":"https:\/\/api.w.org\/{rel}","templated":true}]}}