{"id":1763,"date":"2025-09-02T19:40:21","date_gmt":"2025-09-02T19:40:21","guid":{"rendered":"https:\/\/sprengverein-in-bayern.de\/?page_id=1763"},"modified":"2026-01-31T11:14:15","modified_gmt":"2026-01-31T11:14:15","slug":"lehrgaenge-2026","status":"publish","type":"page","link":"https:\/\/sprengverein-in-bayern.de\/?page_id=1763","title":{"rendered":"Lehrg\u00e4nge 2026"},"content":{"rendered":"\n<div data-wp-interactive=\"core\/file\" class=\"wp-block-file\"><object data-wp-bind--hidden=\"!state.hasPdfPreview\" hidden class=\"wp-block-file__embed\" data=\"https:\/\/sprengverein-in-bayern.de\/wp-content\/uploads\/2025\/12\/Anmeldeformular-Lehrgaenge-Sprengverein-in-Bayern.pdf\" type=\"application\/pdf\" style=\"width:100%;height:600px\" aria-label=\"Einbettung von Anmeldeformular-Lehrg\u00e4nge-Sprengverein-in-Bayern.\"><\/object><a id=\"wp-block-file--media-4b25afb9-d559-45a7-85fd-ed978e83b66a\" href=\"https:\/\/sprengverein-in-bayern.de\/wp-content\/uploads\/2025\/12\/Anmeldeformular-Lehrgaenge-Sprengverein-in-Bayern.pdf\">Anmeldeformular-Lehrg\u00e4nge-Sprengverein-in-Bayern<\/a><a href=\"https:\/\/sprengverein-in-bayern.de\/wp-content\/uploads\/2025\/12\/Anmeldeformular-Lehrgaenge-Sprengverein-in-Bayern.pdf\" class=\"wp-block-file__button wp-element-button\" download aria-describedby=\"wp-block-file--media-4b25afb9-d559-45a7-85fd-ed978e83b66a\">Herunterladen<\/a><\/div>\n\n\n\n<p><strong><s>05.02.2026\u00a0\u00a0\u00a0\u00a0\u00a0\u00a0\u00a0\u00a0\u00a0\u00a0\u00a0\u00a0\u00a0\u00a0\u00a0\u00a0\u00a0\u00a0\u00a0\u00a0\u00a0\u00a0\u00a0 Wiederholungslehrgang \u201eDurchf\u00fchrung von Sprengarbeiten\u201c<\/s><\/strong><\/p>\n\n\n\n<p><strong><mark style=\"background-color:#8ed1fc\" class=\"has-inline-color has-vivid-red-color\">Lehrgang ist Ausgebucht keine weitere Teilnahme M\u00f6glich.<\/mark><\/strong><\/p>\n\n\n\n<p><strong><s>Grundlehrgang \u201eAllgemeine Sprengarbeiten\u201c  02.-11.03.2026<\/s><\/strong><\/p>\n\n\n\n<p>\u00a0<strong><mark style=\"background-color:#8ed1fc\" class=\"has-inline-color has-vivid-red-color\">Lehrgang ist Ausgebucht keine weitere Teilnahme M\u00f6glich.<\/mark><\/strong><\/p>\n\n\n\n<p><\/p>\n\n\n\n<p><\/p>\n\n\n\n<p><strong>Sonderlehrgang \u201eGro\u00dfbohrlochsprengungen\u201c <\/strong> <strong>13.-17.04.2026<\/strong><\/p>\n\n\n\n<p>16.04. praktische Pr\u00fcfung im Steinbruch Max B\u00f6gl Wiesenhofen<\/p>\n\n\n\n<p>17.04. schriftliche Pr\u00fcfung<\/p>\n\n\n\n<p><strong>10.09.2026&nbsp;&nbsp;&nbsp;&nbsp;&nbsp;&nbsp;&nbsp;&nbsp;&nbsp;&nbsp;&nbsp;&nbsp;&nbsp;&nbsp;&nbsp;&nbsp;&nbsp;&nbsp;&nbsp;&nbsp;&nbsp;&nbsp;&nbsp; Wiederholungslehrgang \u201eDurchf\u00fchrung von Sprengarbeiten\u201c<\/strong><\/p>\n\n\n\n<p><strong>Grundlehrgang \u201eAllgemeine Sprengarbeiten\u201c  14.-23.09.2026<\/strong><\/p>\n\n\n\n<p>22.09.&nbsp;&nbsp; praktische Pr\u00fcfung im Steinbruch Herbert Geiger Kinding\/Pfraundorf<\/p>\n\n\n\n<p>23.09.&nbsp;&nbsp; schriftliche Pr\u00fcfung<\/p>\n\n\n\n<p><strong>Sonderlehrgang \u201eGro\u00dfbohrlochsprengungen\u201c <\/strong> <strong>19-23.10.2026<\/strong><\/p>\n\n\n\n<p>22.10. praktische Pr\u00fcfung im Steinbruch Max B\u00f6gl Wiesenhofen<\/p>\n\n\n\n<p>23.10. schriftliche Pr\u00fcfung<\/p>\n\n\n\n<p><\/p>\n\n\n\n<p><strong>Geplanter Lehrgangsort f\u00fcr den Unterricht ist:<\/strong><\/p>\n\n\n\n<p>Manchinger Hof<\/p>\n\n\n\n<p>Geisenfelder Str. 15<\/p>\n\n\n\n<p>85077 Manching<\/p>\n\n\n\n<p>Des Weiteren ist wieder ein Bauwerkslehrgang bei entsprechendem Objekt in Bayern geplant.<\/p>\n\n\n\n<p><\/p>\n","protected":false},"excerpt":{"rendered":"<p>05.02.2026\u00a0\u00a0\u00a0\u00a0\u00a0\u00a0\u00a0\u00a0\u00a0\u00a0\u00a0\u00a0\u00a0\u00a0\u00a0\u00a0\u00a0\u00a0\u00a0\u00a0\u00a0\u00a0\u00a0 Wiederholungslehrgang \u201eDurchf\u00fchrung von Sprengarbeiten\u201c Lehrgang ist Ausgebucht keine weitere Teilnahme M\u00f6glich. Grundlehrgang \u201eAllgemeine Sprengarbeiten\u201c 02.-11.03.2026 \u00a0Lehrgang ist Ausgebucht keine weitere Teilnahme M\u00f6glich. Sonderlehrgang \u201eGro\u00dfbohrlochsprengungen\u201c 13.-17.04.2026 16.04. praktische Pr\u00fcfung im Steinbruch Max B\u00f6gl Wiesenhofen 17.04. schriftliche Pr\u00fcfung 10.09.2026&nbsp;&nbsp;&nbsp;&nbsp;&nbsp;&nbsp;&nbsp;&nbsp;&nbsp;&nbsp;&nbsp;&nbsp;&nbsp;&nbsp;&nbsp;&nbsp;&nbsp;&nbsp;&nbsp;&nbsp;&nbsp;&nbsp;&nbsp; Wiederholungslehrgang \u201eDurchf\u00fchrung von Sprengarbeiten\u201c Grundlehrgang \u201eAllgemeine Sprengarbeiten\u201c 14.-23.09.2026 22.09.&nbsp;&nbsp; praktische Pr\u00fcfung im Steinbruch Herbert Geiger Kinding\/Pfraundorf 23.09.&nbsp;&nbsp; &hellip; <\/p>\n<p class=\"link-more\"><a href=\"https:\/\/sprengverein-in-bayern.de\/?page_id=1763\" class=\"more-link\"><span class=\"screen-reader-text\">\u201eLehrg\u00e4nge 2026\u201c <\/span>weiterlesen<\/a><\/p>\n","protected":false},"author":1,"featured_media":0,"parent":0,"menu_order":0,"comment_status":"closed","ping_status":"closed","template":"","meta":{"footnotes":""},"class_list":["post-1763","page","type-page","status-publish","hentry"],"_links":{"self":[{"href":"https:\/\/sprengverein-in-bayern.de\/index.php?rest_route=\/wp\/v2\/pages\/1763","targetHints":{"allow":["GET"]}}],"collection":[{"href":"https:\/\/sprengverein-in-bayern.de\/index.php?rest_route=\/wp\/v2\/pages"}],"about":[{"href":"https:\/\/sprengverein-in-bayern.de\/index.php?rest_route=\/wp\/v2\/types\/page"}],"author":[{"embeddable":true,"href":"https:\/\/sprengverein-in-bayern.de\/index.php?rest_route=\/wp\/v2\/users\/1"}],"replies":[{"embeddable":true,"href":"https:\/\/sprengverein-in-bayern.de\/index.php?rest_route=%2Fwp%2Fv2%2Fcomments&post=1763"}],"version-history":[{"count":6,"href":"https:\/\/sprengverein-in-bayern.de\/index.php?rest_route=\/wp\/v2\/pages\/1763\/revisions"}],"predecessor-version":[{"id":1797,"href":"https:\/\/sprengverein-in-bayern.de\/index.php?rest_route=\/wp\/v2\/pages\/1763\/revisions\/1797"}],"wp:attachment":[{"href":"https:\/\/sprengverein-in-bayern.de\/index.php?rest_route=%2Fwp%2Fv2%2Fmedia&parent=1763"}],"curies":[{"name":"wp","href":"https:\/\/api.w.org\/{rel}","templated":true}]}}