{"id":11,"date":"2017-04-16T11:55:52","date_gmt":"2017-04-16T11:55:52","guid":{"rendered":"http:\/\/sprengverein-in-bayern.de\/?page_id=11"},"modified":"2017-10-31T21:09:46","modified_gmt":"2017-10-31T21:09:46","slug":"der-sprengverein-in-bayern","status":"publish","type":"page","link":"https:\/\/sprengverein-in-bayern.de\/?page_id=11","title":{"rendered":"Der Sprengverein in Bayern"},"content":{"rendered":"<p style=\"text-align: center;\"><strong>Zweck des Vereins ist die Ausbildung auf dem Gebiet der Sprengtechnik nach dem Sprengstoffgesetz entsprechend der \u00a7\u00a7 32 bis 37 der 1. SprengV unter Beachtung der \u201eGrunds\u00e4tze f\u00fcr die Anerkennung und Durchf\u00fchrung von Lehrg\u00e4ngen nach dem Sprengstoffgesetz\u201c in der jeweils g\u00fcltigen Fassung.<\/strong><\/p>\n<p style=\"text-align: center;\">Ein weiterer Zweck des Vereins ist die Weiterbildung seiner Mitglieder durch fachliche Beratung und Information \u00fcber sprengtechnische Neuerungen.<\/p>\n<p>Der Satzungszweck wird verwirklicht insbesondere durch:<\/p>\n<p>\u25ba\u00a0Durchf\u00fchrung von Sprengkursen ,<\/p>\n<p>\u25baF\u00f6rderung und Verbreitung von Erkenntnissen auf den Gebieten der Sprengtechnik, des Arbeitsschutzes, der\u00a0 Unfallverh\u00fctung, der Sicherheitstechnik und des Umweltschutzes auf nationaler und internationaler Ebene,<\/p>\n<p>\u25ba\u00a0ehrenamtliche Teilnahme qualifizierter Mitglieder des Vereins als Referenten bei derartigen Schulungsveranstaltungen des eigenen Vereins oder anderer Organisationen,<\/p>\n<p>\u25ba\u00a0ehrenamtliche Beratung und Zusammenarbeit mit anderen Verb\u00e4nden im Rahmen des Vereinszwecks.<\/p>\n","protected":false},"excerpt":{"rendered":"<p>Zweck des Vereins ist die Ausbildung auf dem Gebiet der Sprengtechnik nach dem Sprengstoffgesetz entsprechend der \u00a7\u00a7 32 bis 37 der 1. SprengV unter Beachtung der \u201eGrunds\u00e4tze f\u00fcr die Anerkennung und Durchf\u00fchrung von Lehrg\u00e4ngen nach dem Sprengstoffgesetz\u201c in der jeweils g\u00fcltigen Fassung. Ein weiterer Zweck des Vereins ist die Weiterbildung seiner Mitglieder durch fachliche Beratung &hellip; <\/p>\n<p class=\"link-more\"><a href=\"https:\/\/sprengverein-in-bayern.de\/?page_id=11\" class=\"more-link\"><span class=\"screen-reader-text\">\u201eDer Sprengverein in Bayern\u201c <\/span>weiterlesen<\/a><\/p>\n","protected":false},"author":1,"featured_media":209,"parent":0,"menu_order":0,"comment_status":"closed","ping_status":"closed","template":"","meta":{"footnotes":""},"class_list":["post-11","page","type-page","status-publish","has-post-thumbnail","hentry"],"_links":{"self":[{"href":"https:\/\/sprengverein-in-bayern.de\/index.php?rest_route=\/wp\/v2\/pages\/11","targetHints":{"allow":["GET"]}}],"collection":[{"href":"https:\/\/sprengverein-in-bayern.de\/index.php?rest_route=\/wp\/v2\/pages"}],"about":[{"href":"https:\/\/sprengverein-in-bayern.de\/index.php?rest_route=\/wp\/v2\/types\/page"}],"author":[{"embeddable":true,"href":"https:\/\/sprengverein-in-bayern.de\/index.php?rest_route=\/wp\/v2\/users\/1"}],"replies":[{"embeddable":true,"href":"https:\/\/sprengverein-in-bayern.de\/index.php?rest_route=%2Fwp%2Fv2%2Fcomments&post=11"}],"version-history":[{"count":2,"href":"https:\/\/sprengverein-in-bayern.de\/index.php?rest_route=\/wp\/v2\/pages\/11\/revisions"}],"predecessor-version":[{"id":24,"href":"https:\/\/sprengverein-in-bayern.de\/index.php?rest_route=\/wp\/v2\/pages\/11\/revisions\/24"}],"wp:featuredmedia":[{"embeddable":true,"href":"https:\/\/sprengverein-in-bayern.de\/index.php?rest_route=\/wp\/v2\/media\/209"}],"wp:attachment":[{"href":"https:\/\/sprengverein-in-bayern.de\/index.php?rest_route=%2Fwp%2Fv2%2Fmedia&parent=11"}],"curies":[{"name":"wp","href":"https:\/\/api.w.org\/{rel}","templated":true}]}}